{"id":26,"date":"2025-03-26T19:35:33","date_gmt":"2025-03-26T19:35:33","guid":{"rendered":"https:\/\/client.cubun.studio\/?page_id=26"},"modified":"2026-04-02T03:36:45","modified_gmt":"2026-04-02T08:36:45","slug":"noticias","status":"publish","type":"page","link":"https:\/\/client.cubun.studio\/en_us\/noticias\/","title":{"rendered":"Noticias"},"content":{"rendered":"\t\t<div data-elementor-type=\"wp-page\" data-elementor-id=\"26\" class=\"elementor elementor-26\" data-elementor-post-type=\"page\">\n\t\t\t\t<div class=\"elementor-element elementor-element-995388e e-flex e-con-boxed e-con e-parent\" data-id=\"995388e\" data-element_type=\"container\" data-e-type=\"container\">\n\t\t\t\t\t<div class=\"e-con-inner\">\n\t\t\t\t<div class=\"elementor-element elementor-element-1a32076 elementor-grid-3 elementor-grid-tablet-2 elementor-grid-mobile-1 elementor-widget elementor-widget-loop-grid\" data-id=\"1a32076\" data-element_type=\"widget\" data-e-type=\"widget\" data-settings=\"{&quot;template_id&quot;:4627,&quot;_skin&quot;:&quot;post&quot;,&quot;columns&quot;:&quot;3&quot;,&quot;columns_tablet&quot;:&quot;2&quot;,&quot;columns_mobile&quot;:&quot;1&quot;,&quot;edit_handle_selector&quot;:&quot;[data-elementor-type=\\&quot;loop-item\\&quot;]&quot;,&quot;row_gap&quot;:{&quot;unit&quot;:&quot;px&quot;,&quot;size&quot;:&quot;&quot;,&quot;sizes&quot;:[]},&quot;row_gap_tablet&quot;:{&quot;unit&quot;:&quot;px&quot;,&quot;size&quot;:&quot;&quot;,&quot;sizes&quot;:[]},&quot;row_gap_mobile&quot;:{&quot;unit&quot;:&quot;px&quot;,&quot;size&quot;:&quot;&quot;,&quot;sizes&quot;:[]}}\" data-widget_type=\"loop-grid.post\">\n\t\t\t\t<div class=\"elementor-widget-container\">\n\t\t\t\t\t\t\t<div class=\"elementor-loop-container elementor-grid\" role=\"list\">\n\t\t<style id=\"loop-4627\">.elementor-4627 .elementor-element.elementor-element-fd1053d{--display:flex;border-style:solid;--border-style:solid;border-width:1px 1px 1px 1px;--border-top-width:1px;--border-right-width:1px;--border-bottom-width:1px;--border-left-width:1px;border-color:var( --e-global-color-primary );--border-color:var( --e-global-color-primary );--border-radius:5px 5px 5px 5px;box-shadow:5px 5px 33px 5px rgba(0, 0, 0, 0.11);--margin-top:0px;--margin-bottom:0px;--margin-left:0px;--margin-right:0px;--padding-top:15px;--padding-bottom:20px;--padding-left:15px;--padding-right:15px;}.elementor-4627 .elementor-element.elementor-element-fd1053d:not(.elementor-motion-effects-element-type-background), .elementor-4627 .elementor-element.elementor-element-fd1053d > .elementor-motion-effects-container > .elementor-motion-effects-layer{background-color:var( --e-global-color-primary );}.elementor-4627 .elementor-element.elementor-element-5821760 img{border-radius:5px 5px 5px 5px;}.elementor-4627 .elementor-element.elementor-element-51b3149{text-align:center;}.elementor-4627 .elementor-element.elementor-element-51b3149 .elementor-heading-title{font-family:\"Helvetica\", Sans-serif;font-size:1.1rem;font-weight:700;}.elementor-4627 .elementor-element.elementor-element-4176fab .elementor-widget-container{text-align:start;font-family:\"Helvetica\", Sans-serif;font-size:0.9rem;line-height:1.1rem;letter-spacing:0rem;color:#1C1C1CBF;}.elementor-4627 .elementor-element.elementor-element-1a8dc06 .elementor-button{font-family:\"Helvetica\", Sans-serif;font-size:1rem;fill:var( --e-global-color-primary );color:var( --e-global-color-primary );background-color:var( --e-global-color-c4a7441 );border-style:solid;border-width:1px 1px 1px 1px;border-radius:30px 30px 30px 30px;padding:12px 18px 12px 18px;}.elementor-4627 .elementor-element.elementor-element-1a8dc06 .elementor-button:hover, .elementor-4627 .elementor-element.elementor-element-1a8dc06 .elementor-button:focus{color:var( --e-global-color-c4a7441 );background-color:var( --e-global-color-primary );border-color:var( --e-global-color-c4a7441 );}.elementor-4627 .elementor-element.elementor-element-1a8dc06 .elementor-button:hover svg, .elementor-4627 .elementor-element.elementor-element-1a8dc06 .elementor-button:focus svg{fill:var( --e-global-color-c4a7441 );}<\/style>\t\t<div data-elementor-type=\"loop-item\" data-elementor-id=\"4627\" class=\"elementor elementor-4627 e-loop-item e-loop-item-4602 post-4602 post type-post status-publish format-standard has-post-thumbnail hentry category-noticias\" data-elementor-post-type=\"elementor_library\" data-custom-edit-handle=\"1\">\n\t\t\t<div class=\"elementor-element elementor-element-fd1053d e-flex e-con-boxed e-con e-parent\" data-id=\"fd1053d\" data-element_type=\"container\" data-e-type=\"container\" data-settings=\"{&quot;background_background&quot;:&quot;classic&quot;}\">\n\t\t\t\t\t<div class=\"e-con-inner\">\n\t\t\t\t<div class=\"elementor-element elementor-element-5821760 elementor-widget elementor-widget-theme-post-featured-image elementor-widget-image\" data-id=\"5821760\" data-element_type=\"widget\" data-e-type=\"widget\" data-widget_type=\"theme-post-featured-image.default\">\n\t\t\t\t<div class=\"elementor-widget-container\">\n\t\t\t\t\t\t\t\t\t\t\t\t\t\t\t<img fetchpriority=\"high\" decoding=\"async\" width=\"800\" height=\"497\" src=\"https:\/\/client.cubun.studio\/wp-content\/uploads\/2026\/04\/premio_nacional_ingenieria.webp\" class=\"attachment-large size-large wp-image-4609\" alt=\"\" srcset=\"https:\/\/client.cubun.studio\/wp-content\/uploads\/2026\/04\/premio_nacional_ingenieria.webp 1000w, https:\/\/client.cubun.studio\/wp-content\/uploads\/2026\/04\/premio_nacional_ingenieria-300x186.webp 300w, https:\/\/client.cubun.studio\/wp-content\/uploads\/2026\/04\/premio_nacional_ingenieria-768x477.webp 768w, https:\/\/client.cubun.studio\/wp-content\/uploads\/2026\/04\/premio_nacional_ingenieria-18x12.webp 18w\" sizes=\"(max-width: 800px) 100vw, 800px\" \/>\t\t\t\t\t\t\t\t\t\t\t\t\t\t\t<\/div>\n\t\t\t\t<\/div>\n\t\t\t\t<div class=\"elementor-element elementor-element-51b3149 elementor-widget elementor-widget-theme-post-title elementor-page-title elementor-widget-heading\" data-id=\"51b3149\" data-element_type=\"widget\" data-e-type=\"widget\" data-widget_type=\"theme-post-title.default\">\n\t\t\t\t<div class=\"elementor-widget-container\">\n\t\t\t\t\t<h1 class=\"elementor-heading-title elementor-size-default\">Premio Nacional de Ingenier\u00eda &#8211; 2019<\/h1>\t\t\t\t<\/div>\n\t\t\t\t<\/div>\n\t\t\t\t<div class=\"elementor-element elementor-element-4176fab elementor-widget elementor-widget-theme-post-excerpt\" data-id=\"4176fab\" data-element_type=\"widget\" data-e-type=\"widget\" data-widget_type=\"theme-post-excerpt.default\">\n\t\t\t\t<div class=\"elementor-widget-container\">\n\t\t\t\t\tHidroconsulta S.A.S. fue galardonada con el Premio Nacional de Ingenier\u00eda por la Asociaci\u00f3n Colombiana de Ingenieros, en reconocimiento a sus obras de control hidr\u00e1ulico del r\u00edo Ariari y la protecci\u00f3n de infraestructura vial en el departamento del Meta. Su intervenci\u00f3n permiti\u00f3 estabilizar la din\u00e1mica fluvial y garantizar la seguridad de un corredor estrat\u00e9gico.\t\t\t\t<\/div>\n\t\t\t\t<\/div>\n\t\t\t\t<div class=\"elementor-element elementor-element-1a8dc06 elementor-align-center elementor-widget elementor-widget-button\" data-id=\"1a8dc06\" data-element_type=\"widget\" data-e-type=\"widget\" data-widget_type=\"button.default\">\n\t\t\t\t<div class=\"elementor-widget-container\">\n\t\t\t\t\t\t\t\t\t<div class=\"elementor-button-wrapper\">\n\t\t\t\t\t<a class=\"elementor-button elementor-button-link elementor-size-sm elementor-animation-grow\" href=\"https:\/\/client.cubun.studio\/en_us\/premio-nacional-de-ingenieria-2019\/\">\n\t\t\t\t\t\t<span class=\"elementor-button-content-wrapper\">\n\t\t\t\t\t\t\t\t\t<span class=\"elementor-button-text\">Leer m\u00e1s<\/span>\n\t\t\t\t\t<\/span>\n\t\t\t\t\t<\/a>\n\t\t\t\t<\/div>\n\t\t\t\t\t\t\t\t<\/div>\n\t\t\t\t<\/div>\n\t\t\t\t\t<\/div>\n\t\t\t\t<\/div>\n\t\t\t\t<\/div>\n\t\t\t\t<\/div>\n\t\t\n\t\t\t\t\t\t<\/div>\n\t\t\t\t<\/div>\n\t\t\t\t\t<\/div>\n\t\t\t\t<\/div>\n\t\t\t\t<\/div>\n\t\t","protected":false},"excerpt":{"rendered":"","protected":false},"author":1,"featured_media":0,"parent":0,"menu_order":0,"comment_status":"closed","ping_status":"closed","template":"","meta":{"_acf_changed":false,"footnotes":""},"class_list":["post-26","page","type-page","status-publish","hentry"],"acf":[],"_links":{"self":[{"href":"https:\/\/client.cubun.studio\/en_us\/wp-json\/wp\/v2\/pages\/26","targetHints":{"allow":["GET"]}}],"collection":[{"href":"https:\/\/client.cubun.studio\/en_us\/wp-json\/wp\/v2\/pages"}],"about":[{"href":"https:\/\/client.cubun.studio\/en_us\/wp-json\/wp\/v2\/types\/page"}],"author":[{"embeddable":true,"href":"https:\/\/client.cubun.studio\/en_us\/wp-json\/wp\/v2\/users\/1"}],"replies":[{"embeddable":true,"href":"https:\/\/client.cubun.studio\/en_us\/wp-json\/wp\/v2\/comments?post=26"}],"version-history":[{"count":13,"href":"https:\/\/client.cubun.studio\/en_us\/wp-json\/wp\/v2\/pages\/26\/revisions"}],"predecessor-version":[{"id":4632,"href":"https:\/\/client.cubun.studio\/en_us\/wp-json\/wp\/v2\/pages\/26\/revisions\/4632"}],"wp:attachment":[{"href":"https:\/\/client.cubun.studio\/en_us\/wp-json\/wp\/v2\/media?parent=26"}],"curies":[{"name":"wp","href":"https:\/\/api.w.org\/{rel}","templated":true}]}}